{"id":311,"date":"2025-10-31T12:42:17","date_gmt":"2025-10-31T11:42:17","guid":{"rendered":"https:\/\/patati-patatart.fr\/?page_id=311"},"modified":"2025-10-31T12:56:49","modified_gmt":"2025-10-31T11:56:49","slug":"mentions-legales","status":"publish","type":"page","link":"https:\/\/patati-patatart.fr\/index.php\/mentions-legales\/","title":{"rendered":"Mentions l\u00e9gales"},"content":{"rendered":"\n<p><strong>L\u2019\u00e9diteur<\/strong><br>Le site est la propri\u00e9t\u00e9 de Florie Sitt.<br>Directrice de la publication : Florie Sitt<br>florie.sitt@gmail.com | 06 75 93 20 24 | 19 rue Bobillot, 75013 Paris<\/p>\n\n\n\n<p><\/p>\n\n\n\n<p>SIREN : 808550149<\/p>\n\n\n\n<p><strong>L\u2019h\u00e9bergeur<\/strong><br>Le site www.patati-patatart.fr est h\u00e9berg\u00e9 par OVH.<\/p>\n\n\n\n<p><\/p>\n\n\n\n<p><\/p>\n\n\n\n<p><\/p>\n\n\n\n<p><\/p>\n\n\n\n<p><\/p>\n","protected":false},"excerpt":{"rendered":"<p>L\u2019\u00e9diteurLe site est la propri\u00e9t\u00e9 de Florie Sitt.Directrice de la publication : Florie Sittflorie.sitt@gmail.com | 06 75 93 20 24 | 19 rue Bobillot, 75013 Paris SIREN : 808550149 L\u2019h\u00e9bergeurLe site www.patati-patatart.fr est h\u00e9berg\u00e9 par OVH.<\/p>\n","protected":false},"author":1,"featured_media":0,"parent":0,"menu_order":0,"comment_status":"closed","ping_status":"closed","template":"","meta":{"site-sidebar-layout":"default","site-content-layout":"default","ast-global-header-display":"","ast-main-header-display":"","ast-hfb-above-header-display":"","ast-hfb-below-header-display":"","ast-hfb-mobile-header-display":"","site-post-title":"disabled","ast-breadcrumbs-content":"","ast-featured-img":"","footer-sml-layout":"","theme-transparent-header-meta":"","adv-header-id-meta":"","stick-header-meta":"","header-above-stick-meta":"","header-main-stick-meta":"","header-below-stick-meta":"","_themeisle_gutenberg_block_has_review":false,"footnotes":""},"class_list":["post-311","page","type-page","status-publish","hentry"],"_links":{"self":[{"href":"https:\/\/patati-patatart.fr\/index.php\/wp-json\/wp\/v2\/pages\/311","targetHints":{"allow":["GET"]}}],"collection":[{"href":"https:\/\/patati-patatart.fr\/index.php\/wp-json\/wp\/v2\/pages"}],"about":[{"href":"https:\/\/patati-patatart.fr\/index.php\/wp-json\/wp\/v2\/types\/page"}],"author":[{"embeddable":true,"href":"https:\/\/patati-patatart.fr\/index.php\/wp-json\/wp\/v2\/users\/1"}],"replies":[{"embeddable":true,"href":"https:\/\/patati-patatart.fr\/index.php\/wp-json\/wp\/v2\/comments?post=311"}],"version-history":[{"count":5,"href":"https:\/\/patati-patatart.fr\/index.php\/wp-json\/wp\/v2\/pages\/311\/revisions"}],"predecessor-version":[{"id":325,"href":"https:\/\/patati-patatart.fr\/index.php\/wp-json\/wp\/v2\/pages\/311\/revisions\/325"}],"wp:attachment":[{"href":"https:\/\/patati-patatart.fr\/index.php\/wp-json\/wp\/v2\/media?parent=311"}],"curies":[{"name":"wp","href":"https:\/\/api.w.org\/{rel}","templated":true}]}}